{"id":4148,"date":"2018-11-09T12:26:46","date_gmt":"2018-11-09T11:26:46","guid":{"rendered":"http:\/\/www.nmvgroup.se\/?page_id=4148"},"modified":"2018-11-23T14:33:48","modified_gmt":"2018-11-23T13:33:48","slug":"tuotteet","status":"publish","type":"page","link":"https:\/\/www.nmvgroup.se\/fi\/tuotteet\/","title":{"rendered":"Tuotteet"},"content":{"rendered":"<h1>Tuotteet<\/h1>\n<p class=\"ingress\">NMV Groupilla on yli 70 vuoden kokemus asiakkaiden tarpeisiin muokattujen kaivosalan tuotteiden rakentamisesta ja valmistuksesta ja on kehitt\u00e4nyt alan suhteen ainutlaatuisen ja erikoistuneen asiantuntemuksen.<\/p>\n<p>Kaivos- ja vuorit\u00f6ihin tarkoitettu valikoimamme sis\u00e4lt\u00e4\u00e4 erityisajoneuvoja, itse kehitt\u00e4m\u00e4mme letkusy\u00f6tinlaite, nostureita ja koreja sek\u00e4 maailman johtoasemassa olevan BTI Breaker Technologyn tuotteita. Tarjoamme my\u00f6s\u00a0<a href=\"http:\/\/www.kirunauv.se\/\">Kiruna Utility Vehiclesin<\/a>\u00a0v\u00e4lityksell\u00e4 ter\u00e4stehtaille ja sulattamoille tarkoitettuja ajoneuvoja sek\u00e4\u00a0<a href=\"http:\/\/kirunawagon.com\/\">Kiruna Wagonin<\/a>\u00a0kautta palkittuja rautatievaunuja sek\u00e4 mineraalien ja bulkkikuormien purkuasemia.<\/p>\n<p>Tunnettuja tuotteitamme on mm. NMX Rock Bolt-pultti, joka tunnetaan my\u00f6s nimell\u00e4 <em>Kirunabulten<\/em> ja joka on jo yli 30 vuoden ajan my\u00f6t\u00e4vaikuttanut Ruotsin kaivoksissa parempaan turvallisuuteen.<\/p>\n<p>Voimme laajan kokemuksemme ja asiantuntemuksemme ansiosta tarjota mukautettuja ratkaisuja, jotka auttavat tekem\u00e4\u00e4n liiketoiminnastasi mahdollisimman tuottavan, turvallisen ja kustannustehokkaan.<\/p>\n<p><strong>Ota meihin yhteytt\u00e4, jos haluat keskustella juuri omista tarpeistasi!<\/strong><\/p>\n","protected":false},"excerpt":{"rendered":"<p>Tuotteet NMV Groupilla on yli 70 vuoden kokemus asiakkaiden tarpeisiin muokattujen kaivosalan tuotteiden rakentamisesta ja valmistuksesta ja on kehitt\u00e4nyt alan suhteen ainutlaatuisen ja erikoistuneen asiantuntemuksen. Kaivos- ja vuorit\u00f6ihin tarkoitettu valikoimamme sis\u00e4lt\u00e4\u00e4 erityisajoneuvoja, itse kehitt\u00e4m\u00e4mme letkusy\u00f6tinlaite, nostureita ja koreja sek\u00e4 maailman johtoasemassa olevan BTI Breaker Technologyn tuotteita. Tarjoamme my\u00f6s\u00a0Kiruna Utility Vehiclesin\u00a0v\u00e4lityksell\u00e4 ter\u00e4stehtaille ja sulattamoille tarkoitettuja ajoneuvoja [&hellip;]<\/p>\n","protected":false},"author":2,"featured_media":0,"parent":0,"menu_order":0,"comment_status":"closed","ping_status":"closed","template":"page-products.php","meta":{"_acf_changed":false,"footnotes":""},"class_list":["post-4148","page","type-page","status-publish","hentry"],"acf":[],"_links":{"self":[{"href":"https:\/\/www.nmvgroup.se\/fi\/wp-json\/wp\/v2\/pages\/4148","targetHints":{"allow":["GET"]}}],"collection":[{"href":"https:\/\/www.nmvgroup.se\/fi\/wp-json\/wp\/v2\/pages"}],"about":[{"href":"https:\/\/www.nmvgroup.se\/fi\/wp-json\/wp\/v2\/types\/page"}],"author":[{"embeddable":true,"href":"https:\/\/www.nmvgroup.se\/fi\/wp-json\/wp\/v2\/users\/2"}],"replies":[{"embeddable":true,"href":"https:\/\/www.nmvgroup.se\/fi\/wp-json\/wp\/v2\/comments?post=4148"}],"version-history":[{"count":0,"href":"https:\/\/www.nmvgroup.se\/fi\/wp-json\/wp\/v2\/pages\/4148\/revisions"}],"wp:attachment":[{"href":"https:\/\/www.nmvgroup.se\/fi\/wp-json\/wp\/v2\/media?parent=4148"}],"curies":[{"name":"wp","href":"https:\/\/api.w.org\/{rel}","templated":true}]}}