{"id":4145,"date":"2018-11-09T12:24:49","date_gmt":"2018-11-09T11:24:49","guid":{"rendered":"http:\/\/www.nmvgroup.se\/?page_id=4145"},"modified":"2020-03-02T21:02:44","modified_gmt":"2020-03-02T20:02:44","slug":"paikka","status":"publish","type":"page","link":"https:\/\/www.nmvgroup.se\/fi\/paikka\/","title":{"rendered":"Paikkakunnat"},"content":{"rendered":"<h1>Teollisuuskumppani pohjoisessa<\/h1>\n<p class=\"ingress\">NMV perustettiin Kiirunaan vuonna 1947 ja sill\u00e4 on nyky\u00e4\u00e4n ty\u00f6pajat ja asiantuntemusta kolmella Norrbottenin paikkakunnalla: Kiirunassa, Luulajassa ja Piitimess\u00e4.<\/p>\n<p>Pyrimme aina toimittamaan erilliset palvelut ja tuotteet tai kokonaisratkaisut riippumatta siit\u00e4, mill\u00e4 paikkakunnalla olet. Ota yhteytt\u00e4 paikalliseen NMV-ty\u00f6pajaan ja varmista koko l\u00e4\u00e4nin kattava asiantuntemuksen ja konekannan k\u00e4ytt\u00f6mahdollisuus.<\/p>\n","protected":false},"excerpt":{"rendered":"<p>Teollisuuskumppani pohjoisessa NMV perustettiin Kiirunaan vuonna 1947 ja sill\u00e4 on nyky\u00e4\u00e4n ty\u00f6pajat ja asiantuntemusta kolmella Norrbottenin paikkakunnalla: Kiirunassa, Luulajassa ja Piitimess\u00e4. Pyrimme aina toimittamaan erilliset palvelut ja tuotteet tai kokonaisratkaisut riippumatta siit\u00e4, mill\u00e4 paikkakunnalla olet. Ota yhteytt\u00e4 paikalliseen NMV-ty\u00f6pajaan ja varmista koko l\u00e4\u00e4nin kattava asiantuntemuksen ja konekannan k\u00e4ytt\u00f6mahdollisuus.<\/p>\n","protected":false},"author":2,"featured_media":88,"parent":0,"menu_order":0,"comment_status":"closed","ping_status":"closed","template":"","meta":{"_acf_changed":false,"footnotes":""},"class_list":["post-4145","page","type-page","status-publish","has-post-thumbnail","hentry"],"acf":[],"_links":{"self":[{"href":"https:\/\/www.nmvgroup.se\/fi\/wp-json\/wp\/v2\/pages\/4145","targetHints":{"allow":["GET"]}}],"collection":[{"href":"https:\/\/www.nmvgroup.se\/fi\/wp-json\/wp\/v2\/pages"}],"about":[{"href":"https:\/\/www.nmvgroup.se\/fi\/wp-json\/wp\/v2\/types\/page"}],"author":[{"embeddable":true,"href":"https:\/\/www.nmvgroup.se\/fi\/wp-json\/wp\/v2\/users\/2"}],"replies":[{"embeddable":true,"href":"https:\/\/www.nmvgroup.se\/fi\/wp-json\/wp\/v2\/comments?post=4145"}],"version-history":[{"count":0,"href":"https:\/\/www.nmvgroup.se\/fi\/wp-json\/wp\/v2\/pages\/4145\/revisions"}],"wp:featuredmedia":[{"embeddable":true,"href":"https:\/\/www.nmvgroup.se\/fi\/wp-json\/wp\/v2\/media\/88"}],"wp:attachment":[{"href":"https:\/\/www.nmvgroup.se\/fi\/wp-json\/wp\/v2\/media?parent=4145"}],"curies":[{"name":"wp","href":"https:\/\/api.w.org\/{rel}","templated":true}]}}