{"id":4133,"date":"2018-11-09T12:15:12","date_gmt":"2018-11-09T11:15:12","guid":{"rendered":"http:\/\/www.nmvgroup.se\/?page_id=4133"},"modified":"2019-02-05T16:50:23","modified_gmt":"2019-02-05T15:50:23","slug":"visio","status":"publish","type":"page","link":"https:\/\/www.nmvgroup.se\/fi\/konserni\/visio\/","title":{"rendered":"Visio"},"content":{"rendered":"<h1>Visiomme<\/h1>\n<p class=\"ingress\">Visiomme alkaa historiasta.<\/p>\n<p>NMV\u00a0on aina edustanut yritteli\u00e4isyytt\u00e4 ja se on aina suhtautunut avoimesti kehitykseen ja ymp\u00e4r\u00f6iv\u00e4\u00e4n maailmaan. Siksi uskomme, ett\u00e4 tekniikan kehitys ja yhteisty\u00f6 ovat t\u00e4rkeit\u00e4 tekij\u00f6it\u00e4.<\/p>\n","protected":false},"excerpt":{"rendered":"<p>Visiomme Visiomme alkaa historiasta. NMV\u00a0on aina edustanut yritteli\u00e4isyytt\u00e4 ja se on aina suhtautunut avoimesti kehitykseen ja ymp\u00e4r\u00f6iv\u00e4\u00e4n maailmaan. Siksi uskomme, ett\u00e4 tekniikan kehitys ja yhteisty\u00f6 ovat t\u00e4rkeit\u00e4 tekij\u00f6it\u00e4.<\/p>\n","protected":false},"author":2,"featured_media":0,"parent":4112,"menu_order":0,"comment_status":"closed","ping_status":"closed","template":"","meta":{"_acf_changed":false,"footnotes":""},"class_list":["post-4133","page","type-page","status-publish","hentry"],"acf":[],"_links":{"self":[{"href":"https:\/\/www.nmvgroup.se\/fi\/wp-json\/wp\/v2\/pages\/4133","targetHints":{"allow":["GET"]}}],"collection":[{"href":"https:\/\/www.nmvgroup.se\/fi\/wp-json\/wp\/v2\/pages"}],"about":[{"href":"https:\/\/www.nmvgroup.se\/fi\/wp-json\/wp\/v2\/types\/page"}],"author":[{"embeddable":true,"href":"https:\/\/www.nmvgroup.se\/fi\/wp-json\/wp\/v2\/users\/2"}],"replies":[{"embeddable":true,"href":"https:\/\/www.nmvgroup.se\/fi\/wp-json\/wp\/v2\/comments?post=4133"}],"version-history":[{"count":0,"href":"https:\/\/www.nmvgroup.se\/fi\/wp-json\/wp\/v2\/pages\/4133\/revisions"}],"up":[{"embeddable":true,"href":"https:\/\/www.nmvgroup.se\/fi\/wp-json\/wp\/v2\/pages\/4112"}],"wp:attachment":[{"href":"https:\/\/www.nmvgroup.se\/fi\/wp-json\/wp\/v2\/media?parent=4133"}],"curies":[{"name":"wp","href":"https:\/\/api.w.org\/{rel}","templated":true}]}}