{"id":4130,"date":"2018-11-09T12:13:53","date_gmt":"2018-11-09T11:13:53","guid":{"rendered":"http:\/\/www.nmvgroup.se\/?page_id=4130"},"modified":"2018-11-25T19:56:06","modified_gmt":"2018-11-25T18:56:06","slug":"liiketoimintajarjestelmat","status":"publish","type":"page","link":"https:\/\/www.nmvgroup.se\/fi\/konserni\/liiketoimintajarjestelmat\/","title":{"rendered":"Liiketoimintaj\u00e4rjestelm\u00e4t"},"content":{"rendered":"<h1>Liiketoimintaj\u00e4rjestelm\u00e4t<\/h1>\n<p class=\"ingress\">NMV\u00a0k\u00e4ytt\u00e4\u00e4 integroitua laadun, ymp\u00e4rist\u00f6n sek\u00e4 ty\u00f6ymp\u00e4rist\u00f6n hallintaj\u00e4rjestelm\u00e4\u00e4, joka noudattaa ISO 9001-laatustandarding ja ISO 14001-ymp\u00e4rist\u00f6standardin sek\u00e4 ruotsalaista Arbetsmilj\u00f6verkets krav p\u00e5 systematiskt arbetsmilj\u00f6arbete, AFS 2001:1-standardia.<\/p>\n<p>Siksi muun muassa projektinhallinta, tarkistukset ja ohjaus sek\u00e4 asiakirjahallinta suoritetaan m\u00e4\u00e4riteltyjen rutiinien mukaan.<\/p>\n<p>Projektien toteuttamisessa painotamme erityisesti ymp\u00e4rist\u00f6\u00e4 sek\u00e4 resurssien s\u00e4\u00e4st\u00e4mist\u00e4. Tavoitteemme on kehitt\u00e4\u00e4 yrityst\u00e4 ja ty\u00f6ntekij\u00f6it\u00e4 niin, ett\u00e4 palvelumme voidaan suorittaa ja ett\u00e4 niit\u00e4 voidaan seurata niin, ett\u00e4 asiakas on t\u00e4ysin tyytyv\u00e4inen<\/p>\n","protected":false},"excerpt":{"rendered":"<p>Liiketoimintaj\u00e4rjestelm\u00e4t NMV\u00a0k\u00e4ytt\u00e4\u00e4 integroitua laadun, ymp\u00e4rist\u00f6n sek\u00e4 ty\u00f6ymp\u00e4rist\u00f6n hallintaj\u00e4rjestelm\u00e4\u00e4, joka noudattaa ISO 9001-laatustandarding ja ISO 14001-ymp\u00e4rist\u00f6standardin sek\u00e4 ruotsalaista Arbetsmilj\u00f6verkets krav p\u00e5 systematiskt arbetsmilj\u00f6arbete, AFS 2001:1-standardia. Siksi muun muassa projektinhallinta, tarkistukset ja ohjaus sek\u00e4 asiakirjahallinta suoritetaan m\u00e4\u00e4riteltyjen rutiinien mukaan. Projektien toteuttamisessa painotamme erityisesti ymp\u00e4rist\u00f6\u00e4 sek\u00e4 resurssien s\u00e4\u00e4st\u00e4mist\u00e4. Tavoitteemme on kehitt\u00e4\u00e4 yrityst\u00e4 ja ty\u00f6ntekij\u00f6it\u00e4 niin, ett\u00e4 palvelumme voidaan [&hellip;]<\/p>\n","protected":false},"author":2,"featured_media":0,"parent":4112,"menu_order":0,"comment_status":"closed","ping_status":"closed","template":"","meta":{"_acf_changed":false,"footnotes":""},"class_list":["post-4130","page","type-page","status-publish","hentry"],"acf":[],"_links":{"self":[{"href":"https:\/\/www.nmvgroup.se\/fi\/wp-json\/wp\/v2\/pages\/4130","targetHints":{"allow":["GET"]}}],"collection":[{"href":"https:\/\/www.nmvgroup.se\/fi\/wp-json\/wp\/v2\/pages"}],"about":[{"href":"https:\/\/www.nmvgroup.se\/fi\/wp-json\/wp\/v2\/types\/page"}],"author":[{"embeddable":true,"href":"https:\/\/www.nmvgroup.se\/fi\/wp-json\/wp\/v2\/users\/2"}],"replies":[{"embeddable":true,"href":"https:\/\/www.nmvgroup.se\/fi\/wp-json\/wp\/v2\/comments?post=4130"}],"version-history":[{"count":0,"href":"https:\/\/www.nmvgroup.se\/fi\/wp-json\/wp\/v2\/pages\/4130\/revisions"}],"up":[{"embeddable":true,"href":"https:\/\/www.nmvgroup.se\/fi\/wp-json\/wp\/v2\/pages\/4112"}],"wp:attachment":[{"href":"https:\/\/www.nmvgroup.se\/fi\/wp-json\/wp\/v2\/media?parent=4130"}],"curies":[{"name":"wp","href":"https:\/\/api.w.org\/{rel}","templated":true}]}}