{"id":4127,"date":"2018-11-09T12:12:20","date_gmt":"2018-11-09T11:12:20","guid":{"rendered":"http:\/\/www.nmvgroup.se\/?page_id=4127"},"modified":"2019-02-05T17:04:01","modified_gmt":"2019-02-05T16:04:01","slug":"ymparistokaytanto","status":"publish","type":"page","link":"https:\/\/www.nmvgroup.se\/fi\/konserni\/ymparistokaytanto\/","title":{"rendered":"Ymp\u00e4rist\u00f6k\u00e4yt\u00e4nt\u00f6"},"content":{"rendered":"<h1>Ymp\u00e4rist\u00f6k\u00e4yt\u00e4nt\u00f6mme<\/h1>\n<p><strong> 1.Ymp\u00e4rist\u00f6k\u00e4yt\u00e4nt\u00f6<\/strong><\/p>\n<p>Ty\u00f6skentelemme aktiivisesti sen puolesta, ett\u00e4 k\u00e4ytt\u00e4isimme ymp\u00e4rist\u00f6sertifioituja tuotteita ja raaka-aineita. Noudatamme kemikaaleja, \u00f6ljyj\u00e4 ja muita ymp\u00e4rist\u00f6\u00f6n vaikuttavia valmisteita k\u00e4ytt\u00e4vien prosessien osalta voimassa olevia k\u00e4sittely\u00e4, ker\u00e4yst\u00e4 ja h\u00e4vitt\u00e4mist\u00e4 koskevia s\u00e4\u00e4nn\u00f6ksi\u00e4.<\/p>\n<p>Haluamme olla nykyaikainen ja tietoinen yritys ja haluamme kaikkien liiketoimintamme osien suhteen noudattaa voimassa olevia lakeja ja relevantteja vaatimuksia. Vastuu t\u00e4st\u00e4 on yrityksen johdolla, mutta my\u00f6s yksil\u00f6ill\u00e4. Ymm\u00e4rr\u00e4mme, ett\u00e4 ty\u00f6ss\u00e4mme ymp\u00e4rist\u00f6n huomioon ottaminen on osa arkea. Kokonaisvaltainen suhtautumisemme on yksinkertainen ja voidaan siksi muotoilla n\u00e4in: Nybergs Mekaniska ja me liiketoiminnan tekij\u00e4t osallistumme omalta osaltamme teollisuuden ymp\u00e4rist\u00f6ty\u00f6h\u00f6n.<\/p>\n<p><strong> 2. Ymp\u00e4rist\u00f6vaikutus<\/strong><\/p>\n<p>Seuraavien yrityksen prosessien huomioiminen ja kehitt\u00e4minen on t\u00e4rke\u00e4\u00e4 ymp\u00e4rist\u00f6n n\u00e4k\u00f6kulmasta:<\/p>\n<ul>\n<li>Energiankulutus (l\u00e4mmitys ja tuotanto).<\/li>\n<li>Kemikaalien ja \u00f6ljyjen k\u00e4sittely.<\/li>\n<li>Henkil\u00f6- ja tavarakuljetukset.<\/li>\n<li>Kulutustavaroiden hankinta.<\/li>\n<\/ul>\n<p><strong> 3. Ymp\u00e4rist\u00f6tavoitteet<\/strong><\/p>\n<p>Ymp\u00e4rist\u00f6n n\u00e4k\u00f6kulmasta t\u00e4rkeiksi todettujen prosessien aktiivinen parannusty\u00f6. Sek\u00e4 hyvien ja p\u00e4ivitettyjen s\u00e4\u00e4nn\u00f6ksi\u00e4 koskevien tietojen yll\u00e4pit\u00e4minen.<\/p>\n<p><strong> 4. Toimintasuunnitelma<\/strong><\/p>\n<p>Suoritamme 12 kuukauden v\u00e4lein energiankulutusta sek\u00e4 toimittajiemme ymp\u00e4rist\u00f6tietoisuutta koskevia mittauksia ja arviointeja.<\/p>\n<p>Meneill\u00e4\u00e4n olevat uudis- ja j\u00e4lleenrakentamiset suoritetaan keskittyen matalampaan energiankulutukseen.<\/p>\n<p>Henkil\u00f6st\u00f6n ty\u00f6ymp\u00e4rist\u00f6n sek\u00e4 pitk\u00e4n t\u00e4ht\u00e4imen ymp\u00e4rist\u00f6vaikutuksen osalta yll\u00e4pid\u00e4mme \u00f6ljyjen ja kemikaalien oikeaa k\u00e4sittely\u00e4 koskevia tarpeellisia tietoja ja laitteita.<\/p>\n","protected":false},"excerpt":{"rendered":"<p>Ymp\u00e4rist\u00f6k\u00e4yt\u00e4nt\u00f6mme 1.Ymp\u00e4rist\u00f6k\u00e4yt\u00e4nt\u00f6 Ty\u00f6skentelemme aktiivisesti sen puolesta, ett\u00e4 k\u00e4ytt\u00e4isimme ymp\u00e4rist\u00f6sertifioituja tuotteita ja raaka-aineita. Noudatamme kemikaaleja, \u00f6ljyj\u00e4 ja muita ymp\u00e4rist\u00f6\u00f6n vaikuttavia valmisteita k\u00e4ytt\u00e4vien prosessien osalta voimassa olevia k\u00e4sittely\u00e4, ker\u00e4yst\u00e4 ja h\u00e4vitt\u00e4mist\u00e4 koskevia s\u00e4\u00e4nn\u00f6ksi\u00e4. Haluamme olla nykyaikainen ja tietoinen yritys ja haluamme kaikkien liiketoimintamme osien suhteen noudattaa voimassa olevia lakeja ja relevantteja vaatimuksia. Vastuu t\u00e4st\u00e4 on yrityksen johdolla, [&hellip;]<\/p>\n","protected":false},"author":2,"featured_media":0,"parent":4112,"menu_order":0,"comment_status":"closed","ping_status":"closed","template":"","meta":{"_acf_changed":false,"footnotes":""},"class_list":["post-4127","page","type-page","status-publish","hentry"],"acf":[],"_links":{"self":[{"href":"https:\/\/www.nmvgroup.se\/fi\/wp-json\/wp\/v2\/pages\/4127","targetHints":{"allow":["GET"]}}],"collection":[{"href":"https:\/\/www.nmvgroup.se\/fi\/wp-json\/wp\/v2\/pages"}],"about":[{"href":"https:\/\/www.nmvgroup.se\/fi\/wp-json\/wp\/v2\/types\/page"}],"author":[{"embeddable":true,"href":"https:\/\/www.nmvgroup.se\/fi\/wp-json\/wp\/v2\/users\/2"}],"replies":[{"embeddable":true,"href":"https:\/\/www.nmvgroup.se\/fi\/wp-json\/wp\/v2\/comments?post=4127"}],"version-history":[{"count":0,"href":"https:\/\/www.nmvgroup.se\/fi\/wp-json\/wp\/v2\/pages\/4127\/revisions"}],"up":[{"embeddable":true,"href":"https:\/\/www.nmvgroup.se\/fi\/wp-json\/wp\/v2\/pages\/4112"}],"wp:attachment":[{"href":"https:\/\/www.nmvgroup.se\/fi\/wp-json\/wp\/v2\/media?parent=4127"}],"curies":[{"name":"wp","href":"https:\/\/api.w.org\/{rel}","templated":true}]}}