{"id":4124,"date":"2018-11-09T12:08:31","date_gmt":"2018-11-09T11:08:31","guid":{"rendered":"http:\/\/www.nmvgroup.se\/?page_id=4124"},"modified":"2018-12-04T11:28:53","modified_gmt":"2018-12-04T10:28:53","slug":"toimittajamme","status":"publish","type":"page","link":"https:\/\/www.nmvgroup.se\/fi\/konserni\/toimittajamme\/","title":{"rendered":"Toimittajamme"},"content":{"rendered":"<h1>Toimittajamme<\/h1>\n<p class=\"ingress\">Olemme vuosien saatossa luoneet pysyvi\u00e4 suhteita useisiin suuriin ja vahvoihin toimittajiin.<\/p>\n<p>Hyv\u00e4 yhteisty\u00f6 heid\u00e4n kanssaan tekee my\u00f6s meist\u00e4 suurempia ja vahvempia. Ota meihin tuotteiden ja sovellusten suhteen yhteytt\u00e4.<\/p>\n<p><a href=\"https:\/\/www.nmvgroup.se\/wp-content\/uploads\/2016\/04\/ESAB_logo_yellow.jpg\"><img loading=\"lazy\" decoding=\"async\" class=\"alignnone size-0 wp-image-1726\" src=\"https:\/\/www.nmvgroup.se\/wp-content\/plugins\/sembly_thumbnail\/thumbnail.php?src=wp-content%2Fuploads%2F2016%2F04%2FESAB_logo_yellow.jpg&amp;w=0&amp;h=0&amp;zc=0\" alt=\"ESAB_logo_yellow\" width=\"150\" height=\"95\" \/><\/a><\/p>\n<p><a href=\"https:\/\/www.nmvgroup.se\/wp-content\/uploads\/2016\/04\/hiab_logo.jpg\"><img loading=\"lazy\" decoding=\"async\" class=\"alignnone size-0 wp-image-1727\" src=\"https:\/\/www.nmvgroup.se\/wp-content\/plugins\/sembly_thumbnail\/thumbnail.php?src=wp-content%2Fuploads%2F2016%2F04%2Fhiab_logo.jpg&amp;w=0&amp;h=0&amp;zc=0\" alt=\"hiab_logo\" width=\"150\" height=\"47\" \/><\/a><\/p>\n<p><a href=\"https:\/\/www.nmvgroup.se\/wp-content\/uploads\/2016\/04\/lincoln.jpg\"><img loading=\"lazy\" decoding=\"async\" class=\"alignnone size-0 wp-image-1725\" src=\"https:\/\/www.nmvgroup.se\/wp-content\/plugins\/sembly_thumbnail\/thumbnail.php?src=wp-content%2Fuploads%2F2016%2F04%2Flincoln.jpg&amp;w=0&amp;h=0&amp;zc=0\" alt=\"lincoln\" width=\"150\" height=\"87\" \/><\/p>\n<p><\/a><a href=\"https:\/\/www.nmvgroup.se\/wp-content\/uploads\/2016\/04\/igm_logo.jpg\"><img loading=\"lazy\" decoding=\"async\" class=\"alignnone size-0 wp-image-1724\" src=\"https:\/\/www.nmvgroup.se\/wp-content\/plugins\/sembly_thumbnail\/thumbnail.php?src=wp-content%2Fuploads%2F2016%2F04%2Figm_logo.jpg&amp;w=0&amp;h=0&amp;zc=0\" alt=\"igm_logo\" width=\"150\" height=\"32\" \/><\/a><\/p>\n<p><a href=\"https:\/\/www.nmvgroup.se\/wp-content\/uploads\/2016\/04\/tibnor_logo.jpg\"><img loading=\"lazy\" decoding=\"async\" class=\"alignnone size-0 wp-image-1723\" src=\"https:\/\/www.nmvgroup.se\/wp-content\/plugins\/sembly_thumbnail\/thumbnail.php?src=wp-content%2Fuploads%2F2016%2F04%2Ftibnor_logo.jpg&amp;w=0&amp;h=0&amp;zc=0\" alt=\"tibnor_logo\" width=\"150\" height=\"37\" \/><\/a><\/p>\n<p><a href=\"https:\/\/www.nmvgroup.se\/wp-content\/uploads\/2016\/04\/bti_logo_medium.jpg\"><img loading=\"lazy\" decoding=\"async\" class=\"alignnone size-0 wp-image-1722\" src=\"https:\/\/www.nmvgroup.se\/wp-content\/plugins\/sembly_thumbnail\/thumbnail.php?src=wp-content%2Fuploads%2F2016%2F04%2Fbti_logo_medium.jpg&amp;w=0&amp;h=0&amp;zc=0\" alt=\"bti_logo_medium\" width=\"150\" height=\"71\" \/><\/a><\/p>\n<p><a href=\"https:\/\/www.nmvgroup.se\/wp-content\/uploads\/2016\/04\/edstrom.jpg\"><img loading=\"lazy\" decoding=\"async\" class=\"alignnone size-0 wp-image-1721\" src=\"https:\/\/www.nmvgroup.se\/wp-content\/plugins\/sembly_thumbnail\/thumbnail.php?src=wp-content%2Fuploads%2F2016%2F04%2Fedstrom.jpg&amp;w=0&amp;h=0&amp;zc=0\" alt=\"edstrom\" width=\"150\" height=\"93\" \/><\/a><\/p>\n<p><a href=\"https:\/\/www.nmvgroup.se\/wp-content\/uploads\/2016\/04\/skf_logo.jpg\"><img loading=\"lazy\" decoding=\"async\" class=\"alignnone size-0 wp-image-1720\" src=\"https:\/\/www.nmvgroup.se\/wp-content\/plugins\/sembly_thumbnail\/thumbnail.php?src=wp-content%2Fuploads%2F2016%2F04%2Fskf_logo.jpg&amp;w=0&amp;h=0&amp;zc=0\" alt=\"skf_logo\" width=\"150\" height=\"75\" \/><\/a><\/p>\n<p><a href=\"https:\/\/www.nmvgroup.se\/wp-content\/uploads\/2016\/04\/logo_damstahl.png\"><img loading=\"lazy\" decoding=\"async\" class=\"alignnone size-0 wp-image-1757\" src=\"https:\/\/www.nmvgroup.se\/wp-content\/plugins\/sembly_thumbnail\/thumbnail.php?src=wp-content%2Fuploads%2F2016%2F04%2Flogo_damstahl.png&amp;w=0&amp;h=0&amp;zc=0\" alt=\"logo_damstahl\" width=\"150\" height=\"31\" \/><\/a><\/p>\n<p><a href=\"https:\/\/www.nmvgroup.se\/wp-content\/uploads\/2016\/04\/BEGroup.jpg\"><img loading=\"lazy\" decoding=\"async\" class=\"alignnone size-0 wp-image-1756\" src=\"https:\/\/www.nmvgroup.se\/wp-content\/plugins\/sembly_thumbnail\/thumbnail.php?src=wp-content%2Fuploads%2F2016%2F04%2FBEGroup.jpg&amp;w=0&amp;h=0&amp;zc=0\" alt=\"BEGroup\" width=\"150\" height=\"116\" \/><\/a><\/p>\n","protected":false},"excerpt":{"rendered":"<p>Toimittajamme Olemme vuosien saatossa luoneet pysyvi\u00e4 suhteita useisiin suuriin ja vahvoihin toimittajiin. Hyv\u00e4 yhteisty\u00f6 heid\u00e4n kanssaan tekee my\u00f6s meist\u00e4 suurempia ja vahvempia. Ota meihin tuotteiden ja sovellusten suhteen yhteytt\u00e4.<\/p>\n","protected":false},"author":2,"featured_media":0,"parent":4112,"menu_order":0,"comment_status":"closed","ping_status":"closed","template":"","meta":{"_acf_changed":false,"footnotes":""},"class_list":["post-4124","page","type-page","status-publish","hentry"],"acf":[],"_links":{"self":[{"href":"https:\/\/www.nmvgroup.se\/fi\/wp-json\/wp\/v2\/pages\/4124","targetHints":{"allow":["GET"]}}],"collection":[{"href":"https:\/\/www.nmvgroup.se\/fi\/wp-json\/wp\/v2\/pages"}],"about":[{"href":"https:\/\/www.nmvgroup.se\/fi\/wp-json\/wp\/v2\/types\/page"}],"author":[{"embeddable":true,"href":"https:\/\/www.nmvgroup.se\/fi\/wp-json\/wp\/v2\/users\/2"}],"replies":[{"embeddable":true,"href":"https:\/\/www.nmvgroup.se\/fi\/wp-json\/wp\/v2\/comments?post=4124"}],"version-history":[{"count":0,"href":"https:\/\/www.nmvgroup.se\/fi\/wp-json\/wp\/v2\/pages\/4124\/revisions"}],"up":[{"embeddable":true,"href":"https:\/\/www.nmvgroup.se\/fi\/wp-json\/wp\/v2\/pages\/4112"}],"wp:attachment":[{"href":"https:\/\/www.nmvgroup.se\/fi\/wp-json\/wp\/v2\/media?parent=4124"}],"curies":[{"name":"wp","href":"https:\/\/api.w.org\/{rel}","templated":true}]}}