{"id":4121,"date":"2018-11-09T12:06:09","date_gmt":"2018-11-09T11:06:09","guid":{"rendered":"http:\/\/www.nmvgroup.se\/?page_id=4121"},"modified":"2018-11-25T20:05:08","modified_gmt":"2018-11-25T19:05:08","slug":"asiakkaamme","status":"publish","type":"page","link":"https:\/\/www.nmvgroup.se\/fi\/konserni\/asiakkaamme\/","title":{"rendered":"Asiakkaamme"},"content":{"rendered":"<h1>Asiakkaamme<\/h1>\n<p class=\"ingress\">NMV\u00a0on viimeisen 70 vuoden aikana suorittanut teht\u00e4vi\u00e4 sadoille tyytyv\u00e4isille asiakkaille. Useimmat heist\u00e4 pyyt\u00e4v\u00e4t meit\u00e4 toistuvasti suorittamaan uusia teht\u00e4vi\u00e4 sill\u00e4 he tiet\u00e4v\u00e4t, ett\u00e4 suoriudumme korkeista laatua, tarkkuutta ja joustoa koskevista vaatimuksista.<\/p>\n<p>Olipa kyseess\u00e4 sopimusvalmistus, konsulttiteht\u00e4v\u00e4t, hydrauliikka, huolto tai korjausty\u00f6t, autamme teit\u00e4 l\u00f6yt\u00e4m\u00e4\u00e4n ratkaisun. Henkil\u00f6kuntamme omaa vankan kokemuksen ja erinomaisen tiet\u00e4myksen mit\u00e4 tulee useimpiin mekaanisiin ty\u00f6pajat\u00f6ihin.<\/p>\n","protected":false},"excerpt":{"rendered":"<p>Asiakkaamme NMV\u00a0on viimeisen 70 vuoden aikana suorittanut teht\u00e4vi\u00e4 sadoille tyytyv\u00e4isille asiakkaille. Useimmat heist\u00e4 pyyt\u00e4v\u00e4t meit\u00e4 toistuvasti suorittamaan uusia teht\u00e4vi\u00e4 sill\u00e4 he tiet\u00e4v\u00e4t, ett\u00e4 suoriudumme korkeista laatua, tarkkuutta ja joustoa koskevista vaatimuksista. Olipa kyseess\u00e4 sopimusvalmistus, konsulttiteht\u00e4v\u00e4t, hydrauliikka, huolto tai korjausty\u00f6t, autamme teit\u00e4 l\u00f6yt\u00e4m\u00e4\u00e4n ratkaisun. Henkil\u00f6kuntamme omaa vankan kokemuksen ja erinomaisen tiet\u00e4myksen mit\u00e4 tulee useimpiin mekaanisiin ty\u00f6pajat\u00f6ihin.<\/p>\n","protected":false},"author":2,"featured_media":0,"parent":4112,"menu_order":0,"comment_status":"closed","ping_status":"closed","template":"","meta":{"_acf_changed":false,"footnotes":""},"class_list":["post-4121","page","type-page","status-publish","hentry"],"acf":[],"_links":{"self":[{"href":"https:\/\/www.nmvgroup.se\/fi\/wp-json\/wp\/v2\/pages\/4121","targetHints":{"allow":["GET"]}}],"collection":[{"href":"https:\/\/www.nmvgroup.se\/fi\/wp-json\/wp\/v2\/pages"}],"about":[{"href":"https:\/\/www.nmvgroup.se\/fi\/wp-json\/wp\/v2\/types\/page"}],"author":[{"embeddable":true,"href":"https:\/\/www.nmvgroup.se\/fi\/wp-json\/wp\/v2\/users\/2"}],"replies":[{"embeddable":true,"href":"https:\/\/www.nmvgroup.se\/fi\/wp-json\/wp\/v2\/comments?post=4121"}],"version-history":[{"count":0,"href":"https:\/\/www.nmvgroup.se\/fi\/wp-json\/wp\/v2\/pages\/4121\/revisions"}],"up":[{"embeddable":true,"href":"https:\/\/www.nmvgroup.se\/fi\/wp-json\/wp\/v2\/pages\/4112"}],"wp:attachment":[{"href":"https:\/\/www.nmvgroup.se\/fi\/wp-json\/wp\/v2\/media?parent=4121"}],"curies":[{"name":"wp","href":"https:\/\/api.w.org\/{rel}","templated":true}]}}