{"id":4118,"date":"2018-11-09T12:04:59","date_gmt":"2018-11-09T11:04:59","guid":{"rendered":"http:\/\/www.nmvgroup.se\/?page_id=4118"},"modified":"2018-11-25T19:54:29","modified_gmt":"2018-11-25T18:54:29","slug":"tyoskentele-meilla","status":"publish","type":"page","link":"https:\/\/www.nmvgroup.se\/fi\/konserni\/tyoskentele-meilla\/","title":{"rendered":"Ty\u00f6skentele meill\u00e4"},"content":{"rendered":"<h1>Ty\u00f6skentele NMV Groupilla<\/h1>\n<p class=\"ingress\">NMV Groupilla on ty\u00f6pajoja useilla eri Norrbottenin paikkakunnilla. Meilt\u00e4 oikea henkil\u00f6 l\u00f6yt\u00e4\u00e4 useita kiinnostavia teht\u00e4vi\u00e4 ja hyv\u00e4t uramahdollisuudet.<\/p>\n<p>&nbsp;<\/p>\n<h2><strong>NMV-<em>henki<\/em><\/strong><\/h2>\n<p><strong>NMV Groupilla vallitsee avoimuus ja osallisuus<\/strong><\/p>\n<p>Kaikki saavat mielell\u00e4\u00e4n ilmaista mielipiteit\u00e4\u00e4n, esitt\u00e4\u00e4 ideoita ja kasvaa omien aloitteidensa avulla. Yrityksen johto on aina l\u00e4hell\u00e4, joten voit my\u00f6s osallistua p\u00e4\u00e4t\u00f6ksentekoon.<\/p>\n<p>K\u00e4yt\u00e4mme rutiineja ja prosesseja, joiden ansiosta voit ty\u00f6ntekij\u00e4n\u00e4 olla varma siit\u00e4, mit\u00e4 sinulta odotetaan. Samalla saat vapauden testata omia teit\u00e4si ja mahdollisuuksiasi.<\/p>\n<p>Valitsemastasi tiest\u00e4 riippumatta, meille on t\u00e4rke\u00e4\u00e4, ett\u00e4 tulet ilolla t\u00f6ihin. Ett\u00e4 koet olevasi osa porukkaa ja ett\u00e4 sinulla on mahdollisuuksia vaikuttaa omaan tilanteeseesi.<\/p>\n<p>Ty\u00f6nantajan ominaisuudessa tavoitteenamme on hy\u00f6dynt\u00e4\u00e4 jokaisen yksil\u00f6n ainutlaatuista potentiaalia. Meill\u00e4 et ole pelkk\u00e4 ty\u00f6ntekij\u00e4, vaan t\u00e4rke\u00e4 osa yritystoimintaamme.<\/p>\n<p><strong>Tervetuloa NMV Groupille<\/strong><\/p>\n","protected":false},"excerpt":{"rendered":"<p>Ty\u00f6skentele NMV Groupilla NMV Groupilla on ty\u00f6pajoja useilla eri Norrbottenin paikkakunnilla. Meilt\u00e4 oikea henkil\u00f6 l\u00f6yt\u00e4\u00e4 useita kiinnostavia teht\u00e4vi\u00e4 ja hyv\u00e4t uramahdollisuudet. &nbsp; NMV-henki NMV Groupilla vallitsee avoimuus ja osallisuus Kaikki saavat mielell\u00e4\u00e4n ilmaista mielipiteit\u00e4\u00e4n, esitt\u00e4\u00e4 ideoita ja kasvaa omien aloitteidensa avulla. Yrityksen johto on aina l\u00e4hell\u00e4, joten voit my\u00f6s osallistua p\u00e4\u00e4t\u00f6ksentekoon. K\u00e4yt\u00e4mme rutiineja ja prosesseja, [&hellip;]<\/p>\n","protected":false},"author":2,"featured_media":2244,"parent":4112,"menu_order":0,"comment_status":"closed","ping_status":"closed","template":"","meta":{"_acf_changed":false,"footnotes":""},"class_list":["post-4118","page","type-page","status-publish","has-post-thumbnail","hentry"],"acf":[],"_links":{"self":[{"href":"https:\/\/www.nmvgroup.se\/fi\/wp-json\/wp\/v2\/pages\/4118","targetHints":{"allow":["GET"]}}],"collection":[{"href":"https:\/\/www.nmvgroup.se\/fi\/wp-json\/wp\/v2\/pages"}],"about":[{"href":"https:\/\/www.nmvgroup.se\/fi\/wp-json\/wp\/v2\/types\/page"}],"author":[{"embeddable":true,"href":"https:\/\/www.nmvgroup.se\/fi\/wp-json\/wp\/v2\/users\/2"}],"replies":[{"embeddable":true,"href":"https:\/\/www.nmvgroup.se\/fi\/wp-json\/wp\/v2\/comments?post=4118"}],"version-history":[{"count":0,"href":"https:\/\/www.nmvgroup.se\/fi\/wp-json\/wp\/v2\/pages\/4118\/revisions"}],"up":[{"embeddable":true,"href":"https:\/\/www.nmvgroup.se\/fi\/wp-json\/wp\/v2\/pages\/4112"}],"wp:featuredmedia":[{"embeddable":true,"href":"https:\/\/www.nmvgroup.se\/fi\/wp-json\/wp\/v2\/media\/2244"}],"wp:attachment":[{"href":"https:\/\/www.nmvgroup.se\/fi\/wp-json\/wp\/v2\/media?parent=4118"}],"curies":[{"name":"wp","href":"https:\/\/api.w.org\/{rel}","templated":true}]}}