{"id":4115,"date":"2018-11-09T12:01:49","date_gmt":"2018-11-09T11:01:49","guid":{"rendered":"http:\/\/www.nmvgroup.se\/?page_id=4115"},"modified":"2020-03-02T15:18:47","modified_gmt":"2020-03-02T14:18:47","slug":"historia","status":"publish","type":"page","link":"https:\/\/www.nmvgroup.se\/fi\/konserni\/historia\/","title":{"rendered":"Historia"},"content":{"rendered":"<h1>70 vuotta teknisi\u00e4 parannuksia<\/h1>\n<p class=\"ingress\">Nybergs Mekaniska Verkstadin perustaja, Edvard Nyberg (1897\u20131985), oli monipuolinen innovaattori, joka osoitti uransa aikana runsaasti luovuutta ja henkil\u00f6kohtaista johtamistaitoa.<\/p>\n<p>Ty\u00f6pajayritys sai vaatimattoman alkunsa Kiirunan ty\u00f6l\u00e4iskorttelin autotallissa vuonna 1947, mutta sodan j\u00e4lkeen louhintaty\u00f6st\u00e4 kehittyi aina vain enemm\u00e4n koneista riippuvaiseksi ja t\u00e4m\u00e4 lis\u00e4si teknisesti taitavien innovaattorien kysynt\u00e4\u00e4. Nybergin johtamasta NMV:st\u00e4 kehittyi nopeasti er\u00e4s LKAB:n eniten k\u00e4ytt\u00e4m\u00e4 toimittaja.<\/p>\n<p>Olemme nyky\u00e4\u00e4n nykyaikainen teollisuuskonserni ja meill\u00e4 on ty\u00f6pajoja useilla eri Norrbottenin paikkakunnilla. Liiketoiminnallemme on edelleen ominaista innovaatio ja tekniikan kehitt\u00e4minen ja keskitymme prosessiemme jatkuvaan parantamiseen, jolla erottaudumme useista muista pienist\u00e4 ja keskisuurista yrityksist\u00e4.<\/p>\n","protected":false},"excerpt":{"rendered":"<p>70 vuotta teknisi\u00e4 parannuksia Nybergs Mekaniska Verkstadin perustaja, Edvard Nyberg (1897\u20131985), oli monipuolinen innovaattori, joka osoitti uransa aikana runsaasti luovuutta ja henkil\u00f6kohtaista johtamistaitoa. Ty\u00f6pajayritys sai vaatimattoman alkunsa Kiirunan ty\u00f6l\u00e4iskorttelin autotallissa vuonna 1947, mutta sodan j\u00e4lkeen louhintaty\u00f6st\u00e4 kehittyi aina vain enemm\u00e4n koneista riippuvaiseksi ja t\u00e4m\u00e4 lis\u00e4si teknisesti taitavien innovaattorien kysynt\u00e4\u00e4. Nybergin johtamasta NMV:st\u00e4 kehittyi nopeasti er\u00e4s [&hellip;]<\/p>\n","protected":false},"author":2,"featured_media":0,"parent":4112,"menu_order":0,"comment_status":"closed","ping_status":"closed","template":"","meta":{"_acf_changed":false,"footnotes":""},"class_list":["post-4115","page","type-page","status-publish","hentry"],"acf":[],"_links":{"self":[{"href":"https:\/\/www.nmvgroup.se\/fi\/wp-json\/wp\/v2\/pages\/4115","targetHints":{"allow":["GET"]}}],"collection":[{"href":"https:\/\/www.nmvgroup.se\/fi\/wp-json\/wp\/v2\/pages"}],"about":[{"href":"https:\/\/www.nmvgroup.se\/fi\/wp-json\/wp\/v2\/types\/page"}],"author":[{"embeddable":true,"href":"https:\/\/www.nmvgroup.se\/fi\/wp-json\/wp\/v2\/users\/2"}],"replies":[{"embeddable":true,"href":"https:\/\/www.nmvgroup.se\/fi\/wp-json\/wp\/v2\/comments?post=4115"}],"version-history":[{"count":0,"href":"https:\/\/www.nmvgroup.se\/fi\/wp-json\/wp\/v2\/pages\/4115\/revisions"}],"up":[{"embeddable":true,"href":"https:\/\/www.nmvgroup.se\/fi\/wp-json\/wp\/v2\/pages\/4112"}],"wp:attachment":[{"href":"https:\/\/www.nmvgroup.se\/fi\/wp-json\/wp\/v2\/media?parent=4115"}],"curies":[{"name":"wp","href":"https:\/\/api.w.org\/{rel}","templated":true}]}}