{"id":4112,"date":"2018-11-09T12:00:52","date_gmt":"2018-11-09T11:00:52","guid":{"rendered":"http:\/\/www.nmvgroup.se\/?page_id=4112"},"modified":"2020-03-02T15:17:49","modified_gmt":"2020-03-02T14:17:49","slug":"konserni","status":"publish","type":"page","link":"https:\/\/www.nmvgroup.se\/fi\/konserni\/","title":{"rendered":"Konserni"},"content":{"rendered":"<h1>NMV Group-konserni<\/h1>\n<p class=\"ingress\">NMV\u00a0on toiminut alalla jo 70 vuotta ja sin\u00e4 aikana kehittynyt monipuoliseksi ja innovatiiviseksi ty\u00f6pajayritykseksi, jonka painopisteen\u00e4 on raskaiden ter\u00e4s- ja peltirakenteiden tuottaminen.<\/p>\n<p>Meill\u00e4 kukaan asiakas ei ole liian pieni.\u00a0Meill\u00e4 on yrityksen perustamisesta l\u00e4htien ollut kirjoittamattomana s\u00e4\u00e4nt\u00f6n\u00e4, ett\u00e4 kaikkia asiakkaita tervehdit\u00e4\u00e4n ja heihin suhtaudutaan samalla tavalla, riippumatta siit\u00e4, onko kyseess\u00e4 yksityishenkil\u00f6 vai suuryritys.<\/p>\n<p>Teemme\u00a0useita erilaisia mekaanisia ty\u00f6pajat\u00f6it\u00e4 ja ty\u00f6skentelemme ISO-9001-laatustandardin ja ISO-14001-ymp\u00e4rist\u00f6standardin vaatimusten mukaisesti. Kokenut ja ammattitaitoinen henkil\u00f6st\u00f6mme omaa vaativien ty\u00f6pajat\u00f6iden tekemiseen vaadittavan p\u00e4tevyyden.\u00a0 Siksi voimme tarjota asiakkaille r\u00e4\u00e4t\u00e4l\u00f6ityj\u00e4 ja kustannustehokkaita ratkaisuja paikallisille ja kansainv\u00e4lisille markkinoille.<\/p>\n<p>Suurin osa tuotannostamme koostuu sopimusvalmistuksesta, konsulttiteht\u00e4vist\u00e4, huollosta ja korjaust\u00f6ist\u00e4. Omia tuotteitamme on tunnettu Kirunabulten-pultti, kontit, r\u00e4j\u00e4hteiden latausajoneuvot, betonis\u00e4ili\u00f6t, vesikanuunat ym.<\/p>\n<p>Tarjoamme asiakkaille r\u00e4\u00e4t\u00e4l\u00f6ityj\u00e4 rakenteita useimpiin mekaanis-teknisluonteisiin t\u00f6ihin. \u00c4l\u00e4 ep\u00e4r\u00f6i ottaa meihin yhteytt\u00e4, autamme sinua sopivan ratkaisun l\u00f6yt\u00e4misess\u00e4.<\/p>\n","protected":false},"excerpt":{"rendered":"<p>NMV Group-konserni NMV\u00a0on toiminut alalla jo 70 vuotta ja sin\u00e4 aikana kehittynyt monipuoliseksi ja innovatiiviseksi ty\u00f6pajayritykseksi, jonka painopisteen\u00e4 on raskaiden ter\u00e4s- ja peltirakenteiden tuottaminen. Meill\u00e4 kukaan asiakas ei ole liian pieni.\u00a0Meill\u00e4 on yrityksen perustamisesta l\u00e4htien ollut kirjoittamattomana s\u00e4\u00e4nt\u00f6n\u00e4, ett\u00e4 kaikkia asiakkaita tervehdit\u00e4\u00e4n ja heihin suhtaudutaan samalla tavalla, riippumatta siit\u00e4, onko kyseess\u00e4 yksityishenkil\u00f6 vai suuryritys. Teemme\u00a0useita [&hellip;]<\/p>\n","protected":false},"author":2,"featured_media":0,"parent":0,"menu_order":0,"comment_status":"closed","ping_status":"closed","template":"","meta":{"_acf_changed":false,"footnotes":""},"class_list":["post-4112","page","type-page","status-publish","hentry"],"acf":[],"_links":{"self":[{"href":"https:\/\/www.nmvgroup.se\/fi\/wp-json\/wp\/v2\/pages\/4112","targetHints":{"allow":["GET"]}}],"collection":[{"href":"https:\/\/www.nmvgroup.se\/fi\/wp-json\/wp\/v2\/pages"}],"about":[{"href":"https:\/\/www.nmvgroup.se\/fi\/wp-json\/wp\/v2\/types\/page"}],"author":[{"embeddable":true,"href":"https:\/\/www.nmvgroup.se\/fi\/wp-json\/wp\/v2\/users\/2"}],"replies":[{"embeddable":true,"href":"https:\/\/www.nmvgroup.se\/fi\/wp-json\/wp\/v2\/comments?post=4112"}],"version-history":[{"count":0,"href":"https:\/\/www.nmvgroup.se\/fi\/wp-json\/wp\/v2\/pages\/4112\/revisions"}],"wp:attachment":[{"href":"https:\/\/www.nmvgroup.se\/fi\/wp-json\/wp\/v2\/media?parent=4112"}],"curies":[{"name":"wp","href":"https:\/\/api.w.org\/{rel}","templated":true}]}}