{"id":4107,"date":"2018-11-09T11:58:22","date_gmt":"2018-11-09T10:58:22","guid":{"rendered":"http:\/\/www.nmvgroup.se\/?page_id=4107"},"modified":"2018-11-25T20:11:28","modified_gmt":"2018-11-25T19:11:28","slug":"gdpr","status":"publish","type":"page","link":"https:\/\/www.nmvgroup.se\/fi\/gdpr\/","title":{"rendered":"GDPR"},"content":{"rendered":"<h1>Henkil\u00f6tietojen k\u00e4sittely<\/h1>\n<p class=\"ingress\">NMV Groupille on t\u00e4rke\u00e4\u00e4, ett\u00e4 koet henkil\u00f6tietojen k\u00e4sittelytapamme turvalliseksi. Siksi kerromme avoimesti, miten ker\u00e4\u00e4mme, k\u00e4sittelemme ja jaa&#8217;amme meill\u00e4 tallennettuja tietojasi.<\/p>\n<p>NMV noudattaa 25. toukokuuta 2018 l\u00e4htien eurooppalaista yleist\u00e4 tietosuoja-asetusta, englanniksi General Data Protection Regulation \u2013 GDPR. Asetus korvaa aiemman ruotsalaisen henkil\u00f6tietolain, PuL 1998:204.<\/p>\n<h2>Henkil\u00f6tietojen k\u00e4sittelyk\u00e4yt\u00e4nt\u00f6mme<\/h2>\n<p>Henkil\u00f6tietojen k\u00e4sittelyk\u00e4yt\u00e4nt\u00f6mme tavoitteena on varmistaa, ett\u00e4 NMV Group k\u00e4sittelee henkil\u00f6tietoja EU:n yleisen tietosuoja-asetuksen eli GDPR:n mukaisesti. K\u00e4yt\u00e4nt\u00f6 koskee kaikkea k\u00e4sittely\u00e4, jossa henkil\u00f6tietoja k\u00e4sitell\u00e4\u00e4n. Se k\u00e4sitt\u00e4\u00e4 sek\u00e4 strukturoitua ett\u00e4 strukturoimatonta dataa.\u00a0<strong>Kaikki ty\u00f6ntekij\u00e4mme ovat sitoutuneet t\u00e4h\u00e4n k\u00e4yt\u00e4nt\u00f6\u00f6n.<\/strong><\/p>\n<p>Kaikki henkil\u00f6tietojen k\u00e4sittelyn on tapahduttava seuraavien periaatteiden mukaisesti:<\/p>\n<ul>\n<li>Laillisuus<\/li>\n<li>Tarkoituksen rajaaminen<\/li>\n<li>Tietojen minimoiminen<\/li>\n<li>Tarkkuus<\/li>\n<li>S\u00e4ilytyksen minimoiminen<\/li>\n<li>Yksityisyys ja luottamuksellisuus<\/li>\n<\/ul>\n<p>S\u00e4hk\u00f6postin sis\u00e4isen ja ulkoisen jne. k\u00e4sittelyn osalta tiedot tulee s\u00e4ilytt\u00e4\u00e4 vain rajoitetun ajan tai vain sen ajan, jolloin tietoja tarvitaan.<\/p>\n<p>Tietojen k\u00e4sittelykerrat dokumentoidaan juoksevasti eri rekistereit\u00e4mme koskevaan rekisteriimme.<\/p>\n<p>Henkil\u00f6tietojen k\u00e4sittely\u00e4mme seurataan ja arvioidaan v\u00e4hint\u00e4\u00e4n kerran vuodessa.<\/p>\n<p>Mahdollisista k\u00e4sittelemi\u00e4mme henkil\u00f6tietoja koskevat tietoturvaloukkauksista on ilmoitettava v\u00e4litt\u00f6m\u00e4sti tietosuojavastaavalle. Tietosuojavastaavan on viipym\u00e4tt\u00e4 ja viimeist\u00e4\u00e4n 72 tunnin kuluessa ilmoitettava tietoturvaloukkauksesta Ruotsin tietosuojaviranomaiselle (Datainspektionen) sek\u00e4 ryhdytt\u00e4v\u00e4 tietoturvaloukkauksen edellytt\u00e4miin tarpeellisiin toimenpiteisiin.<\/p>\n<p>Vaadimme, ett\u00e4 henkil\u00f6tietoja k\u00e4sitell\u00e4\u00e4n GDPR:n mukaisesti ja t\u00e4m\u00e4 on aina turvattava IT-ratkaisujen ja palvelujen hankinnassa ja kehityksess\u00e4. Lis\u00e4ksi edellyt\u00e4mme, ett\u00e4 t\u00e4m\u00e4 vaatimus sis\u00e4llytet\u00e4\u00e4n vaatimusten erittelyyn sek\u00e4 mahdollisiin sopimuksiin.<\/p>\n<p>Napsauta linkki\u00e4, jos haluat ladata koko NMV Groupin\u00a0<u><a href=\"https:\/\/www.nmvgroup.se\/wp-content\/uploads\/2018\/06\/Dataskyddspolicy-NMV-Group-180504.pdf\">Henkil\u00f6tietojen k\u00e4sittelyk\u00e4yt\u00e4nn\u00f6n<\/a><\/u>\u00a0PDF-muodossa.<\/p>\n<h2>Mit\u00e4 henkil\u00f6tiedot ovat?<\/h2>\n<p>Henkil\u00f6tiedot ovat kaikenlaisia tietoja, joka voidaan suoraan tai ep\u00e4suoraan yhdist\u00e4\u00e4 el\u00e4v\u00e4\u00e4n fyysiseen henkil\u00f6\u00f6n.<\/p>\n<h2>Miksi tarvitsemme henkil\u00f6tietojasi?<\/h2>\n<p>Tiedot ovat sek\u00e4 meille antamiasi tietoja sek\u00e4 meid\u00e4n ker\u00e4\u00e4mi\u00e4 tietoja ty\u00f6ntekij\u00f6ist\u00e4, ty\u00f6nhakijoista, asiakkaista sek\u00e4 toimittajista.<\/p>\n<p>NMV Group saattaa my\u00f6s rekister\u00f6id\u00e4 henkil\u00f6tietojasi:<\/p>\n<ul>\n<li>Kun k\u00e4yt verkkosivustollamme<\/li>\n<li>Jos otat meihin yhteytt\u00e4 s\u00e4hk\u00f6postitse, puhelimitse tai sosiaalisen median kautta<\/li>\n<li>Jos tilaat yrityksen uutiskirjeen<\/li>\n<\/ul>\n<p>Tiedot tallennetaan tietoj\u00e4rjestelm\u00e4\u00e4mme ja toimivat liiketoimintamme tukena. Tavoitteena on, ett\u00e4 voimme tarjota sinulle mahdollisimman joustavan ja ammattimaisen palvelun sek\u00e4 tarjota sinulle r\u00e4\u00e4t\u00e4l\u00f6ityj\u00e4 palveluja.<\/p>\n<h2>K\u00e4yntisi verkkosivustollamme<\/h2>\n<p>Ker\u00e4\u00e4mme verkkosivustok\u00e4yntisi yhteydess\u00e4 IP-osoitteesi, maantieteellisen paikkasi sek\u00e4 hakumieltymyksesi, jotta voisimme r\u00e4\u00e4t\u00e4l\u00f6id\u00e4 markkinointimme paremmin sinun tarpeisiisi.<\/p>\n<p>Kun k\u00e4yt verkkosivustollamme, hyv\u00e4ksyt samalla, ett\u00e4 asetamme tietokoneellesi ev\u00e4steit\u00e4. N\u00e4m\u00e4 ev\u00e4steet seuraavat sinua ja navigointik\u00e4ytt\u00e4ytymist\u00e4si, jotta voisimme tarjota sinulle k\u00e4ytt\u00e4ytymiseesi perustuvaa markkinointia.<\/p>\n<h2>Kenelle jaaamme tietojasi<\/h2>\n<p>Yksityisyytesi on meille eritt\u00e4in t\u00e4rke\u00e4. Emme anna tietojasi kenelle tahansa, emmek\u00e4 koskaan myy tietojasi muille.<\/p>\n<p>K\u00e4yt\u00e4mme tietyill\u00e4 aloilla palvelujen toimittamiseen toimittajia sek\u00e4 tietyiss\u00e4 tapauksissa oman konsernimme yrityksi\u00e4. T\u00e4m\u00e4 tarkoittaa, ett\u00e4 n\u00e4m\u00e4kin tahot tarvitsevat sinusta asiakkaan ominaisuudessa tietoja. N\u00e4m\u00e4 tahot eiv\u00e4t kuitenkaan saa k\u00e4ytt\u00e4\u00e4 sinua koskevia tietoja muuhun tarkoitukseen, kuin ilmoittamamme palvelun tarjoamiseen.<\/p>\n<h2>Miten voit k\u00e4ytt\u00e4\u00e4 oikeuksiasi?<\/h2>\n<p>Sinulla on henkil\u00f6tietojesi k\u00e4sittelyn yhteydess\u00e4 tiettyj\u00e4 lakis\u00e4\u00e4teisi\u00e4 oikeuksia. Sinulla on muun muassa oikeus saada tiet\u00e4\u00e4, k\u00e4sitteleek\u00f6 NMV Group henkil\u00f6tietojasi sek\u00e4 siin\u00e4 tapauksessa oikeus saada kopio kyseisist\u00e4 tiedoista sek\u00e4 k\u00e4sittely\u00e4 koskevia tietoja (niin kutsuttu rekisteriseloste).<\/p>\n<p>Sinulla on tietyiss\u00e4 tapauksissa my\u00f6s oikeus korjauttaa tai poistattaa virheelliset tiedot. Lis\u00e4ksi sinulla on oikeus vastustaa tietojen k\u00e4sittely\u00e4 ja vaatia, ett\u00e4 rajoitamme henkil\u00f6tietojesi k\u00e4sittely\u00e4. Huomaa kuitenkin, ett\u00e4 NMV Groupiin saattaa kohdistua oikeudellisia vaatimuksia, joiden ansiosta emme kykene v\u00e4litt\u00f6m\u00e4sti poistaa tiettyj\u00e4 tietojesi osia.<\/p>\n<h2>Yhteystiedot<\/h2>\n<p>Jos sinulla on henkil\u00f6tietojen k\u00e4sittely\u00e4mme koskevia kysymyksi\u00e4, ota yhteytt\u00e4 s\u00e4hk\u00f6postitse osoitteeseen\u00a0<u><a href=\"mailto:info.kiruna@nmvgroup.se\">info.kiruna@nmvgroup.se<\/a><\/u><\/p>\n<p>Voit my\u00f6s soittaa vaihteeseen numeroon +46 980-640 80, jolloin puhelusi yhdistet\u00e4\u00e4n oikealle taholle.<\/p>\n","protected":false},"excerpt":{"rendered":"<p>Henkil\u00f6tietojen k\u00e4sittely NMV Groupille on t\u00e4rke\u00e4\u00e4, ett\u00e4 koet henkil\u00f6tietojen k\u00e4sittelytapamme turvalliseksi. Siksi kerromme avoimesti, miten ker\u00e4\u00e4mme, k\u00e4sittelemme ja jaa&#8217;amme meill\u00e4 tallennettuja tietojasi. NMV noudattaa 25. toukokuuta 2018 l\u00e4htien eurooppalaista yleist\u00e4 tietosuoja-asetusta, englanniksi General Data Protection Regulation \u2013 GDPR. Asetus korvaa aiemman ruotsalaisen henkil\u00f6tietolain, PuL 1998:204. Henkil\u00f6tietojen k\u00e4sittelyk\u00e4yt\u00e4nt\u00f6mme Henkil\u00f6tietojen k\u00e4sittelyk\u00e4yt\u00e4nt\u00f6mme tavoitteena on varmistaa, ett\u00e4 NMV Group [&hellip;]<\/p>\n","protected":false},"author":2,"featured_media":0,"parent":0,"menu_order":0,"comment_status":"closed","ping_status":"closed","template":"","meta":{"_acf_changed":false,"footnotes":""},"class_list":["post-4107","page","type-page","status-publish","hentry"],"acf":[],"_links":{"self":[{"href":"https:\/\/www.nmvgroup.se\/fi\/wp-json\/wp\/v2\/pages\/4107","targetHints":{"allow":["GET"]}}],"collection":[{"href":"https:\/\/www.nmvgroup.se\/fi\/wp-json\/wp\/v2\/pages"}],"about":[{"href":"https:\/\/www.nmvgroup.se\/fi\/wp-json\/wp\/v2\/types\/page"}],"author":[{"embeddable":true,"href":"https:\/\/www.nmvgroup.se\/fi\/wp-json\/wp\/v2\/users\/2"}],"replies":[{"embeddable":true,"href":"https:\/\/www.nmvgroup.se\/fi\/wp-json\/wp\/v2\/comments?post=4107"}],"version-history":[{"count":0,"href":"https:\/\/www.nmvgroup.se\/fi\/wp-json\/wp\/v2\/pages\/4107\/revisions"}],"wp:attachment":[{"href":"https:\/\/www.nmvgroup.se\/fi\/wp-json\/wp\/v2\/media?parent=4107"}],"curies":[{"name":"wp","href":"https:\/\/api.w.org\/{rel}","templated":true}]}}